{"id":3868,"date":"2015-02-19T15:14:28","date_gmt":"2015-02-19T15:14:28","guid":{"rendered":"http:\/\/racmolnar.com\/?page_id=3868"},"modified":"2024-02-21T10:15:51","modified_gmt":"2024-02-21T10:15:51","slug":"about","status":"publish","type":"page","link":"https:\/\/racmolnar.com\/?page_id=3868","title":{"rendered":"About"},"content":{"rendered":"<p>Biography \/ Szakmai \u00e9letrajz<\/p>\n<p>1960 He is born in Miskolc.<br \/>\n1987 He earns his diploma at the Hungarian Academy of Visual Arts, in print making.<br \/>\n1984 He becomes a member of the National Society of Hungarian Artists.<br \/>\n1984-1996 He is a member of the Studio of Young Artists.<br \/>\n1991-2012 He is a member of the Hungarian Society of Fine and Applied Artists.<br \/>\n1987-1990 He is an awardee of the Derkovits Scholarship of the Ministry of Culture.<br \/>\n2003 He is honoured with the Munk\u00e1csy Mih\u00e1ly Prize.<\/p>\n<p>Solo exhibitions<\/p>\n<p>2015\u00a0\u00a0 Ephemeral 55, V\u00e1rfok 14 Gallery, Budapest<br \/>\n2014\u00a0\u00a0 Art9 Gallery, Budapest<br \/>\n2011\u00a0\u00a0 Promenade, Miskolc Gallery of Fine Arts \u2013 City Museum of Arts, Miskolc Grass blade room of ours (with Ferenc Moln\u00e1r), 2B Gallery, Budapest<br \/>\n2010\u00a0 Graphic Novel, V\u00e1rfok 14 Gallery, Budapest<br \/>\n2009\u00a0 Syncrony, XO Gallery, Budapest<br \/>\nJataka variations, R\u00e1day Gallery, Budapest<br \/>\n2008\u00a0 R\u00e1day Gallery, Budapest<br \/>\n2007\u00a0 Illusionism, V\u00e1rfok 14 Gallery, Budapest<br \/>\n2004\u00a0 Altitude &amp; Attitude (with John D. Antone, USA), Budapest Gallery<br \/>\nArtmakers Gallery, Stockholm<br \/>\n2003\u00a0 Guinness Mithology, V\u00e1rfok 14 Gallery, Budapest<br \/>\n2002\u00a0 Incognito Absolu, French Institute, Budapest<br \/>\n2001\u00a0 Incognito Episode 1, XO Gallery, Budapest<br \/>\n\u00c1 la cARTe, Miskolc Gallery of Fine Arts \u2013 City Museum of Arts, Miskolc<br \/>\n2000 Call me now! (with Judit Het\u00e9nyi), Studio 1900 Gallery, Budapest<br \/>\n1997\u00a0 Spritus Gallery, Budapest<br \/>\n1996\u00a0 Studio 1900 Gallery, Budapest<br \/>\n1995\u00a0 V\u00e1rfok 14 Gallery, Budapest<br \/>\nCollegium Hungaricum, Vienna<br \/>\n1993\u00a0 V\u00e1rfok 14 Gallery, Budapest<br \/>\nCollegium Hungaricum, Vienna<br \/>\n1992\u00a0 Dorottya Gallery, Budapest<br \/>\n1991\u00a0 Gallery Seiyu, Tokyo<br \/>\n1987\u00a0 St\u00fadi\u00f3 Gallery, Budapest<\/p>\n<p>Participations in Residency Programs<\/p>\n<p>2008 International House of Artists in Debrecen, Hungary<br \/>\n2002 Cit\u00e9 des Arts, Paris, France<br \/>\n1999 Scholarship of the Hungarian Academy of Rome, Italy<br \/>\n1995 America-Bound Exchange II. Scholarship, at the Rutgers Center for Innovative<br \/>\nPrintmaking in New Brunswick, NJ, USA<br \/>\n1994 International House of Artists in Horn, Austria<br \/>\nTyrone Guthrie in New Bliss, Ireland<br \/>\n1992 International House of Artists in Horn, Austria<br \/>\n1989 Rene Portocarrero Silkscreen Workshop in Havana, Cuba<br \/>\nArtists\u2019 Colony in Mako, Hungary<br \/>\n1986 Maltinranta Arts Center, Tampere, Finland<br \/>\n1985 Artists\u2019 Colony in Mako, Hungary<\/p>\n<p>BOOK I.<\/p>\n<p><a href=\"http:\/\/racmolnar.com\/wp-content\/uploads\/jataka_cover.jpg\" target=\"_blank\" rel=\"noopener\"><img loading=\"lazy\" decoding=\"async\" class=\"alignnone wp-image-4153 size-medium\" src=\"http:\/\/racmolnar.com\/wp-content\/uploads\/jataka_cover-300x263.jpg\" alt=\"jataka_cover\" width=\"300\" height=\"263\" srcset=\"https:\/\/racmolnar.com\/wp-content\/uploads\/jataka_cover-300x263.jpg 300w, https:\/\/racmolnar.com\/wp-content\/uploads\/jataka_cover-1024x899.jpg 1024w, https:\/\/racmolnar.com\/wp-content\/uploads\/jataka_cover.jpg 1280w\" sizes=\"(max-width: 300px) 100vw, 300px\" \/><\/a> <a href=\"http:\/\/racmolnar.com\/wp-content\/uploads\/catalogue_r\u00e1cmoln\u00e1r.jpg\"><br \/>\n<\/a><\/p>\n<p>S\u00c1NDOR R\u00c1CMOLN\u00c1R<br \/>\nCatalogue<br \/>\nContemporary Art from Hungary<\/p>\n<p>BOOK II.<\/p>\n<p><a href=\"http:\/\/racmolnar.com\/wp-content\/uploads\/catalogue_racmolnar1.jpg\"><img loading=\"lazy\" decoding=\"async\" class=\"alignnone wp-image-4164 size-medium\" src=\"http:\/\/racmolnar.com\/wp-content\/uploads\/catalogue_racmolnar1-251x300.jpg\" alt=\"catalogue_racmolnar\" width=\"251\" height=\"300\" srcset=\"https:\/\/racmolnar.com\/wp-content\/uploads\/catalogue_racmolnar1-251x300.jpg 251w, https:\/\/racmolnar.com\/wp-content\/uploads\/catalogue_racmolnar1-857x1024.jpg 857w, https:\/\/racmolnar.com\/wp-content\/uploads\/catalogue_racmolnar1.jpg 1071w\" sizes=\"(max-width: 251px) 100vw, 251px\" \/><\/a><\/p>\n<p>JATAKA VARIATIONS<br \/>\nColoring book not just for kids<\/p>\n<p>Szakmai \u00e9letrajz<\/p>\n<p>1960-ban sz\u00fcletett Miskolcon.<\/p>\n<p>1987-ben v\u00e9gzett a Magyar K\u00e9pz\u0151m\u0171v\u00e9szeti F\u0151iskola Sokszoros\u00edt\u00f3 Grafika Szak\u00e1n.<\/p>\n<p>1984 \u00f3ta \u00a0k\u00f6z\u00f6tt tagja\u00a0a Magyar Alkot\u00f3m\u0171v\u00e9szek Orsz\u00e1gos Egyes\u00fclet\u00e9nek.<\/p>\n<p>1984-1996 k\u00f6z\u00f6tt tagja a Fiatal K\u00e9pz\u0151m\u0171v\u00e9szek St\u00fadi\u00f3j\u00e1nak.<\/p>\n<p>1991-2012 k\u00f6z\u00f6tt tagja a Magyar K\u00e9pz\u0151- \u00e9s Iparm\u0171v\u00e9szek Sz\u00f6vets\u00e9g\u00e9nek.<\/p>\n<p>1987-1990 k\u00f6z\u00f6tt a m\u0171vel\u0151d\u00e9si Miniszt\u00e9rium Derkovits-\u00f6szt\u00f6nd\u00edjasa.<\/p>\n<p>2003-ban Munk\u00e1csy Mih\u00e1ly-d\u00edjat kapott.<\/p>\n<p>\u00d6n\u00e1ll\u00f3 ki\u00e1ll\u00edt\u00e1sai<\/p>\n<p>2015 Efemer 55, V\u00e1rfok 14 Gal\u00e9ria, Budapest<br \/>\n2014 Art9 Gal\u00e9ria, Budapest<br \/>\n2011 Promen\u00e1d, Miskolci Gal\u00e9ria V\u00e1rosi M\u0171v\u00e9szeti M\u00fazeum<br \/>\nF\u0171sz\u00e1lszob\u00e1nk (Moln\u00e1r Ferenccel), 2B Gal\u00e9ria, Budapest<br \/>\n2010 Graphic Novel, V\u00e1rfok 14 Gal\u00e9ria, Budapest<br \/>\n2009 Szinkronit\u00e1s, XO Gal\u00e9ria, Budapest<br \/>\nJataka-vari\u00e1ci\u00f3k, R\u00e1day Gal\u00e9ria, Budapest<br \/>\n2008 R\u00e1day Gal\u00e9ria, Budapest<br \/>\n2007 Illuzionizmus, V\u00e1rfok 14 Gal\u00e9ria, Budapest<br \/>\n2004 Altitude &amp; Attitude (John D. Antone-nal, USA), Budapest Gal\u00e9ria, Budapest<br \/>\nArtmakers Gal\u00e9ria, Stockholm<br \/>\n2003 Guinness Mitol\u00f3gia, V\u00e1rfok 14 Gal\u00e9ria, Budapest<br \/>\n2002 Incognito Absolu, Francia Int\u00e9zet, Budapest<br \/>\n2001 Incognito Episode 1., XO Gal\u00e9ria, Budapest<br \/>\n\u00c1 la cARTe, Miskolci Gal\u00e9ria V\u00e1rosi M\u0171v\u00e9szeti M\u00fazeum<br \/>\n2000 Call me now! (Het\u00e9nyi Judittal), Studio 1900 Gal\u00e9ria, Budapest<br \/>\n1997 Spiritus Gal\u00e9ria, Budapest<br \/>\n1996 Studio 1900 Gal\u00e9ria, Budapest<br \/>\n1995 V\u00e1rfok 14 Gal\u00e9ria, Budapest<br \/>\nCollegium Hungaricum, B\u00e9cs<br \/>\n1993 V\u00e1rfok 14 Gal\u00e9ria, Budapest<br \/>\nCollegium Hungaricum, B\u00e9cs<br \/>\n1992 Dorottya utcai Gal\u00e9ria, Budapest<br \/>\n1991 Gallery Seiyu, Toki\u00f3<br \/>\n1987 St\u00fadi\u00f3 Gal\u00e9ria, Budapest<\/p>\n<p>R\u00e9szv\u00e9tele m\u0171v\u00e9sztelepeken<\/p>\n<p>2008 Debreceni Nemzetk\u00f6zi M\u0171v\u00e9sztelep<br \/>\n2002 Cit\u00e9 des Arts, P\u00e1rizs, Franciaorsz\u00e1g<br \/>\n1999 R\u00f3mai Magyar Akad\u00e9mia K\u00e9pz\u0151m\u0171v\u00e9szeti \u00d6szt\u00f6nd\u00edja, R\u00f3ma<br \/>\n1995 America-Bound Exchange II. Rutgers Center, New Brunswick, NJ, USA<br \/>\n1994 Horni Nemzetk\u00f6zi M\u0171v\u00e9sztelep, Ausztria<br \/>\n1989 Rene Portocarrero Szitam\u0171hely, Havanna<br \/>\nMak\u00f3i M\u0171v\u00e9sztelep<br \/>\n1986 Maltinranta M\u0171v\u00e9szeti K\u00f6zpont, Tampere<br \/>\n1985 Mak\u00f3i M\u0171v\u00e9sztelep<\/p>\n","protected":false},"excerpt":{"rendered":"<p>Biography \/ Szakmai \u00e9letrajz 1960 He is born in Miskolc. 1987 He earns his diploma at the Hungarian Academy of Visual Arts, in print making. 1984 He becomes a member of the National Society of Hungarian Artists. 1984-1996 He is&#8230;<\/p>\n","protected":false},"author":1,"featured_media":4142,"parent":0,"menu_order":0,"comment_status":"closed","ping_status":"open","template":"page-about.php","meta":{"footnotes":""},"_links":{"self":[{"href":"https:\/\/racmolnar.com\/index.php?rest_route=\/wp\/v2\/pages\/3868"}],"collection":[{"href":"https:\/\/racmolnar.com\/index.php?rest_route=\/wp\/v2\/pages"}],"about":[{"href":"https:\/\/racmolnar.com\/index.php?rest_route=\/wp\/v2\/types\/page"}],"author":[{"embeddable":true,"href":"https:\/\/racmolnar.com\/index.php?rest_route=\/wp\/v2\/users\/1"}],"replies":[{"embeddable":true,"href":"https:\/\/racmolnar.com\/index.php?rest_route=%2Fwp%2Fv2%2Fcomments&post=3868"}],"version-history":[{"count":18,"href":"https:\/\/racmolnar.com\/index.php?rest_route=\/wp\/v2\/pages\/3868\/revisions"}],"predecessor-version":[{"id":4198,"href":"https:\/\/racmolnar.com\/index.php?rest_route=\/wp\/v2\/pages\/3868\/revisions\/4198"}],"wp:featuredmedia":[{"embeddable":true,"href":"https:\/\/racmolnar.com\/index.php?rest_route=\/wp\/v2\/media\/4142"}],"wp:attachment":[{"href":"https:\/\/racmolnar.com\/index.php?rest_route=%2Fwp%2Fv2%2Fmedia&parent=3868"}],"curies":[{"name":"wp","href":"https:\/\/api.w.org\/{rel}","templated":true}]}}